{"id":1013,"date":"2021-07-12T13:46:20","date_gmt":"2021-07-12T13:46:20","guid":{"rendered":"http:\/\/desolateprism-002-site3.anytempurl.com\/?page_id=1013"},"modified":"2024-07-12T21:53:25","modified_gmt":"2024-07-12T21:53:25","slug":"home","status":"publish","type":"page","link":"https:\/\/omnivitaproduct.com\/ro\/","title":{"rendered":"Home"},"content":{"rendered":"\t\t<div data-elementor-type=\"wp-page\" data-elementor-id=\"1013\" class=\"elementor elementor-1013 elementor-11\" data-elementor-post-type=\"page\">\n\t\t\t\t\t\t<section class=\"elementor-section elementor-top-section elementor-element elementor-element-92cc258 elementor-section-height-min-height elementor-section-boxed elementor-section-height-default elementor-section-items-middle\" data-id=\"92cc258\" data-element_type=\"section\" data-settings=\"{&quot;background_background&quot;:&quot;classic&quot;}\">\n\t\t\t\t\t\t\t<div class=\"elementor-background-overlay\"><\/div>\n\t\t\t\t\t\t\t<div class=\"elementor-container elementor-column-gap-default\">\n\t\t\t\t\t<div class=\"elementor-column elementor-col-50 elementor-top-column elementor-element elementor-element-b969ecc\" data-id=\"b969ecc\" data-element_type=\"column\">\n\t\t\t<div class=\"elementor-widget-wrap elementor-element-populated\">\n\t\t\t\t\t\t<div class=\"elementor-element elementor-element-8b1c197 elementor-widget elementor-widget-heading\" data-id=\"8b1c197\" data-element_type=\"widget\" data-widget_type=\"heading.default\">\n\t\t\t\t<div class=\"elementor-widget-container\">\n\t\t\t<h1 class=\"elementor-heading-title elementor-size-default\">MODERN<br><span class =\"zold\">F\u0102R\u0102 PRODUSE CHIMICE<\/span><br><span class=\"zoldebb\">CULTIVAREA PLANTELOR<\/span><\/h1>\t\t<\/div>\n\t\t\t\t<\/div>\n\t\t\t\t<div class=\"elementor-element elementor-element-114cb40 elementor-widget elementor-widget-heading\" data-id=\"114cb40\" data-element_type=\"widget\" data-widget_type=\"heading.default\">\n\t\t\t\t<div class=\"elementor-widget-container\">\n\t\t\t<p class=\"elementor-heading-title elementor-size-default\">Problemele practice \u00een agricultur\u0103 \u0219i solu\u021biile biologice pragmatice<\/p>\t\t<\/div>\n\t\t\t\t<\/div>\n\t\t\t\t\t<\/div>\n\t\t<\/div>\n\t\t\t\t<div class=\"elementor-column elementor-col-50 elementor-top-column elementor-element elementor-element-e0e7903\" data-id=\"e0e7903\" data-element_type=\"column\">\n\t\t\t<div class=\"elementor-widget-wrap elementor-element-populated\">\n\t\t\t\t\t\t<div class=\"elementor-element elementor-element-f18c94a elementor-widget elementor-widget-text-editor\" data-id=\"f18c94a\" data-element_type=\"widget\" data-widget_type=\"text-editor.default\">\n\t\t\t\t<div class=\"elementor-widget-container\">\n\t\t\t\t\t\t\t<h2><span style=\"color: #ffffff;\"><u>Documente PDF<\/u><\/span><\/h2><h2><a href=\"https:\/\/omnivitaproduct.com\/wp-content\/uploads\/2024\/07\/Broccavita-2024-RO-V2.pdf\"><span style=\"color: #ffffff;\"><strong>BroccaVita PDF<\/strong><\/span><strong>\u25bc<\/strong><\/a><\/h2><h2><strong><a href=\"https:\/\/omnivitaproduct.com\/wp-content\/uploads\/2024\/07\/Terravita-2024-RO-V2.pdf\"><span style=\"color: #ffffff;\">TerraVita PDF<\/span>\u25bc<\/a><\/strong><\/h2><h2><strong><a href=\"https:\/\/omnivitaproduct.com\/wp-content\/uploads\/2024\/07\/Radivita-Salvovita-Mantovita-2024-RO-V2.pdf\"><span style=\"color: #ffffff;\">Radivita Salvovita Mantovita PDF<\/span>\u25bc<\/a><\/strong><\/h2>\t\t\t\t\t\t<\/div>\n\t\t\t\t<\/div>\n\t\t\t\t\t<\/div>\n\t\t<\/div>\n\t\t\t\t\t<\/div>\n\t\t<\/section>\n\t\t\t\t<\/div>\n\t\t","protected":false},"excerpt":{"rendered":"<p>MODERNF\u0102R\u0102 PRODUSE CHIMICECULTIVAREA PLANTELOR Problemele practice \u00een agricultur\u0103 \u0219i solu\u021biile biologice pragmatice Documente PDF BroccaVita PDF\u25bc TerraVita PDF\u25bc Radivita Salvovita Mantovita PDF\u25bc<\/p>\n","protected":false},"author":2,"featured_media":1094,"parent":0,"menu_order":0,"comment_status":"closed","ping_status":"closed","template":"","meta":{"site-sidebar-layout":"no-sidebar","site-content-layout":"page-builder","ast-site-content-layout":"","site-content-style":"default","site-sidebar-style":"default","ast-global-header-display":"","ast-banner-title-visibility":"","ast-main-header-display":"","ast-hfb-above-header-display":"","ast-hfb-below-header-display":"","ast-hfb-mobile-header-display":"","site-post-title":"disabled","ast-breadcrumbs-content":"","ast-featured-img":"disabled","footer-sml-layout":"","theme-transparent-header-meta":"default","adv-header-id-meta":"","stick-header-meta":"enabled","header-above-stick-meta":"","header-main-stick-meta":"on","header-below-stick-meta":"","astra-migrate-meta-layouts":"default","ast-page-background-enabled":"default","ast-page-background-meta":{"desktop":{"background-color":"","background-image":"","background-repeat":"repeat","background-position":"center center","background-size":"auto","background-attachment":"scroll","background-type":"","background-media":"","overlay-type":"","overlay-color":"","overlay-opacity":"","overlay-gradient":""},"tablet":{"background-color":"","background-image":"","background-repeat":"repeat","background-position":"center center","background-size":"auto","background-attachment":"scroll","background-type":"","background-media":"","overlay-type":"","overlay-color":"","overlay-opacity":"","overlay-gradient":""},"mobile":{"background-color":"","background-image":"","background-repeat":"repeat","background-position":"center center","background-size":"auto","background-attachment":"scroll","background-type":"","background-media":"","overlay-type":"","overlay-color":"","overlay-opacity":"","overlay-gradient":""}},"ast-content-background-meta":{"desktop":{"background-color":"var(--ast-global-color-5)","background-image":"","background-repeat":"repeat","background-position":"center center","background-size":"auto","background-attachment":"scroll","background-type":"","background-media":"","overlay-type":"","overlay-color":"","overlay-opacity":"","overlay-gradient":""},"tablet":{"background-color":"var(--ast-global-color-5)","background-image":"","background-repeat":"repeat","background-position":"center center","background-size":"auto","background-attachment":"scroll","background-type":"","background-media":"","overlay-type":"","overlay-color":"","overlay-opacity":"","overlay-gradient":""},"mobile":{"background-color":"var(--ast-global-color-5)","background-image":"","background-repeat":"repeat","background-position":"center center","background-size":"auto","background-attachment":"scroll","background-type":"","background-media":"","overlay-type":"","overlay-color":"","overlay-opacity":"","overlay-gradient":""}},"footnotes":""},"class_list":["post-1013","page","type-page","status-publish","has-post-thumbnail","hentry"],"_links":{"self":[{"href":"https:\/\/omnivitaproduct.com\/ro\/wp-json\/wp\/v2\/pages\/1013","targetHints":{"allow":["GET"]}}],"collection":[{"href":"https:\/\/omnivitaproduct.com\/ro\/wp-json\/wp\/v2\/pages"}],"about":[{"href":"https:\/\/omnivitaproduct.com\/ro\/wp-json\/wp\/v2\/types\/page"}],"author":[{"embeddable":true,"href":"https:\/\/omnivitaproduct.com\/ro\/wp-json\/wp\/v2\/users\/2"}],"replies":[{"embeddable":true,"href":"https:\/\/omnivitaproduct.com\/ro\/wp-json\/wp\/v2\/comments?post=1013"}],"version-history":[{"count":47,"href":"https:\/\/omnivitaproduct.com\/ro\/wp-json\/wp\/v2\/pages\/1013\/revisions"}],"predecessor-version":[{"id":5389,"href":"https:\/\/omnivitaproduct.com\/ro\/wp-json\/wp\/v2\/pages\/1013\/revisions\/5389"}],"wp:featuredmedia":[{"embeddable":true,"href":"https:\/\/omnivitaproduct.com\/ro\/wp-json\/wp\/v2\/media\/1094"}],"wp:attachment":[{"href":"https:\/\/omnivitaproduct.com\/ro\/wp-json\/wp\/v2\/media?parent=1013"}],"curies":[{"name":"wp","href":"https:\/\/api.w.org\/{rel}","templated":true}]}}