{"id":4108,"date":"2024-02-02T12:59:31","date_gmt":"2024-02-02T12:59:31","guid":{"rendered":"http:\/\/desolateprism-002-site3.anytempurl.com\/?page_id=4108"},"modified":"2024-02-02T13:00:48","modified_gmt":"2024-02-02T13:00:48","slug":"informativa-sulla-privacy","status":"publish","type":"page","link":"https:\/\/omnivitaproduct.com\/it\/informativa-sulla-privacy\/","title":{"rendered":"Informativa sulla privacy"},"content":{"rendered":"\t\t<div data-elementor-type=\"wp-page\" data-elementor-id=\"4108\" class=\"elementor elementor-4108 elementor-170\" data-elementor-post-type=\"page\">\n\t\t\t\t\t\t<section class=\"elementor-section elementor-top-section elementor-element elementor-element-441c23db elementor-section-boxed elementor-section-height-default elementor-section-height-default\" data-id=\"441c23db\" data-element_type=\"section\">\n\t\t\t\t\t\t<div class=\"elementor-container elementor-column-gap-default\">\n\t\t\t\t\t<div class=\"elementor-column elementor-col-100 elementor-top-column elementor-element elementor-element-3ce2c456\" data-id=\"3ce2c456\" data-element_type=\"column\">\n\t\t\t<div class=\"elementor-widget-wrap elementor-element-populated\">\n\t\t\t\t\t\t<div class=\"elementor-element elementor-element-42a39ab6 elementor-widget elementor-widget-image\" data-id=\"42a39ab6\" data-element_type=\"widget\" data-widget_type=\"image.default\">\n\t\t\t\t<div class=\"elementor-widget-container\">\n\t\t\t\t\t\t\t\t\t\t\t\t\t<img fetchpriority=\"high\" decoding=\"async\" width=\"1024\" height=\"423\" src=\"https:\/\/omnivitaproduct.com\/wp-content\/uploads\/2020\/07\/Omnivita_logo-1024x423.png\" class=\"attachment-large size-large wp-image-30\" alt=\"\" srcset=\"https:\/\/omnivitaproduct.com\/wp-content\/uploads\/2020\/07\/Omnivita_logo-1024x423.png 1024w, https:\/\/omnivitaproduct.com\/wp-content\/uploads\/2020\/07\/Omnivita_logo-300x124.png 300w, https:\/\/omnivitaproduct.com\/wp-content\/uploads\/2020\/07\/Omnivita_logo-768x317.png 768w, https:\/\/omnivitaproduct.com\/wp-content\/uploads\/2020\/07\/Omnivita_logo.png 1414w\" sizes=\"(max-width: 1024px) 100vw, 1024px\" \/>\t\t\t\t\t\t\t\t\t\t\t\t\t<\/div>\n\t\t\t\t<\/div>\n\t\t\t\t<div class=\"elementor-element elementor-element-3d278fb7 elementor-widget elementor-widget-heading\" data-id=\"3d278fb7\" data-element_type=\"widget\" data-widget_type=\"heading.default\">\n\t\t\t\t<div class=\"elementor-widget-container\">\n\t\t\t<h1 class=\"elementor-heading-title elementor-size-default\">Informativa sulla privacy<\/h1>\t\t<\/div>\n\t\t\t\t<\/div>\n\t\t\t\t<div class=\"elementor-element elementor-element-303ea5e0 elementor-widget elementor-widget-text-editor\" data-id=\"303ea5e0\" data-element_type=\"widget\" data-widget_type=\"text-editor.default\">\n\t\t\t\t<div class=\"elementor-widget-container\">\n\t\t\t\t\t\t\t<ol><li>INTRODUZIONE<\/li><\/ol><p>Per noi \u00e8 molto importante rispettare la normativa sulla protezione dei dati attualmente in vigore e le leggi pertinenti, quindi qui di seguito esaminiamo dettagliatamente presentiamo le misure di protezione dei dati di omnivitaproduct.com e BIOPLANT-CHEMIE KFT. e i relativi processi di raccolta dati.<\/p><p>I dati sono gestiti da BIOPLANT-CHEMIE KFT, e questa impresa \u00e8 responsabile del trattamento dei dati personali.<\/p><p>Dati di contatto:<\/p><p>Ragione sociale completa:<\/p><p>BIOPLANT-CHEMIE Societ\u00e0 a responsabilit\u00e0 limitata per lo sviluppo biotecnologico, agrochimico e agricolo<\/p><p>Indirizzo e-mail: <a target=\"_new\">info@desolateprism-002-site3.anytempurl.com<\/a><\/p><p>Indirizzo postale: 4824, Szamosszeg, Laczfi N\u00e1ndor utca 40.<\/p><ol start=\"2\"><li>QUALI DATI PERSONALI TRATTIAMO E PER QUALI SCOPI?<\/li><\/ol><p>I dati personali sono quelli che consentono l&#8217;identificazione precisa di un individuo.<\/p><p>Sul sito omnivitaproduct.com trattiamo i seguenti dati personali, specificando la base giuridica:<\/p><p>DATI DI COMUNICAZIONE Questo include qualsiasi messaggio inviato attraverso il sito web, via e-mail, messaggio sui social media o in qualsiasi altra forma di comunicazione.<\/p><p>Elaboriamo e conserviamo questi dati per poter gestire le segnalazioni di errori e fornire una base decisionale in caso di eventuali richieste legali.<\/p><p>La base giuridica per questo trattamento \u00e8 l&#8217;interesse dimostrato dall&#8217;utente per la nostra attivit\u00e0, manifestato nei messaggi rivolti a noi.<\/p><p>DATI DELL&#8217;UTENTE Questi includono i dati generati durante l&#8217;utilizzo del sito web, che consentono il funzionamento tecnico del sito, la sicurezza del sito, la memorizzazione dei salvataggi delle attivit\u00e0 degli utenti e l&#8217;accesso al contenuto pi\u00f9 rilevante possibile.<\/p><p>La base giuridica per il trattamento di questi dati \u00e8 l&#8217;interesse esplicito dell&#8217;utente per la nostra attivit\u00e0, poich\u00e9 la loro conservazione \u00e8 necessaria per garantire la sicurezza e il corretto funzionamento del sito.<\/p><p>DATI TECNICI Questi includono i dati generati durante l&#8217;utilizzo del sito, come l&#8217;indirizzo IP, le informazioni di accesso, i dati del browser, il tempo di visita alle singole pagine, le visualizzazioni di pagina e i percorsi di navigazione, il numero e il momento delle visite alle pagine, i fusi orari e i dati del dispositivo con cui si accede al sito.<\/p><p>La fonte di questi dati \u00e8 il nostro software di analisi.<\/p><p>Elaboriamo questi dati per analizzare le abitudini degli utenti sul sito, garantire la sicurezza del nostro sito web e valutare l&#8217;efficacia delle nostre decisioni di marketing.<\/p><p>La base giuridica per il trattamento di questi dati \u00e8 l&#8217;interesse esplicito dell&#8217;utente per la nostra attivit\u00e0, che ci consente di elaborare questi dati in conformit\u00e0 con i requisiti di sicurezza e utilizzarli per migliorare le nostre operazioni aziendali.<\/p><p>DATI DI MARKETING Questi includono le preferenze dei visitatori riguardo ai contenuti di marketing che desiderano ricevere da noi. Trattiamo questi dati per consentire la partecipazione a concorsi a premi e inviare annunci relativi ai nostri prodotti\/servizi di interesse per l&#8217;utente.<\/p><p>La base giuridica per il trattamento di questi dati \u00e8 l&#8217;interesse esplicito dell&#8217;utente per la nostra attivit\u00e0, che ci consente di elaborare questi dati in conformit\u00e0 con i requisiti di sicurezza e utilizzarli per migliorare le nostre operazioni aziendali.<\/p><p>I dati raccolti possono essere utilizzati occasionalmente per fornire annunci mirati e rilevanti sulla piattaforma Facebook\u2122 e su varie altre piattaforme pubblicitarie dinamiche, nonch\u00e9 per valutare l&#8217;efficacia degli annunci.<\/p><p>La base giuridica per il trattamento di questi dati \u00e8 l&#8217;interesse esplicito dell&#8217;utente per la nostra attivit\u00e0, che ci consente di elaborare questi dati in conformit\u00e0 con i requisiti di sicurezza e utilizzarli per migliorare le nostre operazioni aziendali.<\/p><p>Durante la nostra attivit\u00e0 non raccogliamo dati sensibili come etnia, convinzioni religiose, vita sessuale e orientamento, opinioni politiche e affiliazioni sindacali, n\u00e9 informazioni sulla salute o dati genetici o biometrici.<\/p><ol start=\"3\"><li>COME RACCOGLIAMO I DATI?<\/li><\/ol><p>I dati personali possono essere raccolti direttamente dall&#8217;utente (ad esempio, inviando un ordine o un messaggio) o automaticamente durante l&#8217;utilizzo del sito web, utilizzando &#8220;cookie&#8221; e tecnologie simili. Questi ultimi entrano in funzione solo dopo il consenso dell&#8217;utente.<\/p><p>Per ulteriori informazioni, consultare la nostra Politica sui cookie.<\/p><p>Riceviamo anche alcuni dati da partner esterni, come fornitori di analisi come Google (partner al di fuori dell&#8217;UE) e reti pubblicitarie come Facebook\u2122 (partner al di fuori dell&#8217;UE).<\/p><ol start=\"4\"><li>LE NOSTRE MISURE PRATICHE PER LA PROTEZIONE DEI DATI<\/li><\/ol><p>Per BIOPLANT-CHEMIE KFT la protezione dei dati degli utenti e la conformit\u00e0 alla normativa vigente sono estremamente importanti. Dopo aver condotto un&#8217;analisi dell&#8217;impatto sulla protezione dei dati sul sito, abbiamo redatto un elenco dei dati raccolti, della loro necessit\u00e0 e base giuridica, e delle misure di legge<\/p><p>Per proteggere i dati inseriti nei moduli e generati sul sito, utilizziamo la certificazione SSL sull&#8217;intero sito web (certificazione Let\u2019s Encrypt Authority X3). Per proteggere il sito dagli attacchi, utilizziamo software di sicurezza premium (iThemes Security Pro e Wordfence) per proteggere i dati memorizzati da attacchi di forza bruta e virus. I dati nei database del sito, come i dati di acquisto e degli utenti, sono memorizzati in forma crittografata (pseudonimizzata) per garantire che non siano leggibili da terze parti. Nella presente informativa sulla privacy, forniamo un indirizzo di contatto per permettere agli utenti di richiedere informazioni sulla gestione dei loro dati. Utilizziamo cookie e strumenti di tracciamento solo dopo il consenso dell&#8217;utente, in conformit\u00e0 con le normative in materia di cookie. Gli utenti hanno il diritto di revocare il consenso al trattamento dei dati personali, e di richiedere l&#8217;accesso, la rettifica o la cancellazione dei loro dati personali. Per farlo, possono inviare una richiesta all&#8217;indirizzo e-mail fornito nell&#8217;intestazione del documento.<\/p><ol start=\"5\"><li>TERMINE DI CONSERVAZIONE<\/li><\/ol><p>I dati personali vengono conservati per il tempo necessario a conseguire gli scopi per cui sono stati raccolti e trattati. Quando i dati non sono pi\u00f9 necessari per tali scopi, vengono eliminati in modo sicuro.<\/p><p>I dati personali relativi alle transazioni (acquisti) vengono conservati per 5 anni per rispettare gli obblighi di legge. I dati personali relativi alle comunicazioni e ai feedback degli utenti vengono conservati fino a quando l&#8217;utente richiede l&#8217;eliminazione dei dati.<\/p><ol start=\"6\"><li>DIRITTI DEGLI UTENTI<\/li><\/ol><p>Gli utenti hanno il diritto di richiedere l&#8217;accesso, la rettifica, la cancellazione e il trasferimento dei loro dati personali, nonch\u00e9 il diritto di opporsi al trattamento dei loro dati personali.<\/p><p>Gli utenti possono esercitare i loro diritti inviando una richiesta scritta all&#8217;indirizzo e-mail fornito nell&#8217;intestazione del documento.<\/p><p>BIOPLANT-CHEMIE KFT risponder\u00e0 a tutte le richieste relative ai diritti degli utenti entro 30 giorni dalla ricezione della richiesta.<\/p><p>Se l&#8217;utente ritiene che il trattamento dei loro dati personali violi il Regolamento Generale sulla Protezione dei Dati (GDPR), hanno il diritto di presentare un reclamo a un&#8217;autorit\u00e0 di controllo competente.<\/p><p>BIOPLANT-CHEMIE KFT agir\u00e0 per garantire che tutte le richieste relative ai diritti degli utenti vengano esaminate con la massima seriet\u00e0 e nel rispetto della normativa applicabile.<\/p><ol start=\"7\"><li>MODIFICHE ALLA PRESENTE INFORMATIVA SULLA PRIVACY<\/li><\/ol><p>BIOPLANT-CHEMIE KFT si riserva il diritto di modificare o aggiornare la presente Informativa sulla privacy in qualsiasi momento.<\/p><p>Tutte le modifiche apportate alla presente Informativa sulla privacy verranno pubblicate sul sito web di omnivitaproduct.com. Gli utenti saranno informati delle modifiche tramite e-mail o notifica sul sito web.<\/p><p>L&#8217;utilizzo continuato del sito web di omnivitaproduct.com dopo la pubblicazione delle modifiche costituir\u00e0 l&#8217;accettazione di tali modifiche.<\/p><ol start=\"8\"><li>CONTATTACI<\/li><\/ol><p>Se hai domande, commenti o preoccupazioni sulla presente Informativa sulla privacy, ti preghiamo di contattarci all&#8217;indirizzo e-mail <a target=\"_new\">info@desolateprism-002-site3.anytempurl.com<\/a>.<\/p><p>Grazie per aver scelto i prodotti omnivitaproduct.com e per la tua fiducia in noi.<\/p>\t\t\t\t\t\t<\/div>\n\t\t\t\t<\/div>\n\t\t\t\t\t<\/div>\n\t\t<\/div>\n\t\t\t\t\t<\/div>\n\t\t<\/section>\n\t\t\t\t<\/div>\n\t\t","protected":false},"excerpt":{"rendered":"<p>Informativa sulla privacy INTRODUZIONE Per noi \u00e8 molto importante rispettare la normativa sulla protezione dei dati attualmente in vigore e le leggi pertinenti, quindi qui di seguito esaminiamo dettagliatamente presentiamo le misure di protezione dei dati di omnivitaproduct.com e BIOPLANT-CHEMIE KFT. e i relativi processi di raccolta dati. I dati sono gestiti da BIOPLANT-CHEMIE KFT, [&hellip;]<\/p>\n","protected":false},"author":2,"featured_media":0,"parent":0,"menu_order":0,"comment_status":"closed","ping_status":"closed","template":"elementor_canvas","meta":{"site-sidebar-layout":"no-sidebar","site-content-layout":"page-builder","ast-site-content-layout":"default","site-content-style":"default","site-sidebar-style":"default","ast-global-header-display":"","ast-banner-title-visibility":"","ast-main-header-display":"","ast-hfb-above-header-display":"","ast-hfb-below-header-display":"","ast-hfb-mobile-header-display":"","site-post-title":"disabled","ast-breadcrumbs-content":"","ast-featured-img":"disabled","footer-sml-layout":"","theme-transparent-header-meta":"default","adv-header-id-meta":"","stick-header-meta":"default","header-above-stick-meta":"","header-main-stick-meta":"","header-below-stick-meta":"","astra-migrate-meta-layouts":"set","ast-page-background-enabled":"default","ast-page-background-meta":{"desktop":{"background-color":"","background-image":"","background-repeat":"repeat","background-position":"center center","background-size":"auto","background-attachment":"scroll","background-type":"","background-media":"","overlay-type":"","overlay-color":"","overlay-opacity":"","overlay-gradient":""},"tablet":{"background-color":"","background-image":"","background-repeat":"repeat","background-position":"center center","background-size":"auto","background-attachment":"scroll","background-type":"","background-media":"","overlay-type":"","overlay-color":"","overlay-opacity":"","overlay-gradient":""},"mobile":{"background-color":"","background-image":"","background-repeat":"repeat","background-position":"center center","background-size":"auto","background-attachment":"scroll","background-type":"","background-media":"","overlay-type":"","overlay-color":"","overlay-opacity":"","overlay-gradient":""}},"ast-content-background-meta":{"desktop":{"background-color":"var(--ast-global-color-5)","background-image":"","background-repeat":"repeat","background-position":"center center","background-size":"auto","background-attachment":"scroll","background-type":"","background-media":"","overlay-type":"","overlay-color":"","overlay-opacity":"","overlay-gradient":""},"tablet":{"background-color":"var(--ast-global-color-5)","background-image":"","background-repeat":"repeat","background-position":"center center","background-size":"auto","background-attachment":"scroll","background-type":"","background-media":"","overlay-type":"","overlay-color":"","overlay-opacity":"","overlay-gradient":""},"mobile":{"background-color":"var(--ast-global-color-5)","background-image":"","background-repeat":"repeat","background-position":"center center","background-size":"auto","background-attachment":"scroll","background-type":"","background-media":"","overlay-type":"","overlay-color":"","overlay-opacity":"","overlay-gradient":""}},"footnotes":""},"class_list":["post-4108","page","type-page","status-publish","hentry"],"_links":{"self":[{"href":"https:\/\/omnivitaproduct.com\/it\/wp-json\/wp\/v2\/pages\/4108","targetHints":{"allow":["GET"]}}],"collection":[{"href":"https:\/\/omnivitaproduct.com\/it\/wp-json\/wp\/v2\/pages"}],"about":[{"href":"https:\/\/omnivitaproduct.com\/it\/wp-json\/wp\/v2\/types\/page"}],"author":[{"embeddable":true,"href":"https:\/\/omnivitaproduct.com\/it\/wp-json\/wp\/v2\/users\/2"}],"replies":[{"embeddable":true,"href":"https:\/\/omnivitaproduct.com\/it\/wp-json\/wp\/v2\/comments?post=4108"}],"version-history":[{"count":4,"href":"https:\/\/omnivitaproduct.com\/it\/wp-json\/wp\/v2\/pages\/4108\/revisions"}],"predecessor-version":[{"id":4112,"href":"https:\/\/omnivitaproduct.com\/it\/wp-json\/wp\/v2\/pages\/4108\/revisions\/4112"}],"wp:attachment":[{"href":"https:\/\/omnivitaproduct.com\/it\/wp-json\/wp\/v2\/media?parent=4108"}],"curies":[{"name":"wp","href":"https:\/\/api.w.org\/{rel}","templated":true}]}}