{"id":3907,"date":"2024-02-01T10:12:49","date_gmt":"2024-02-01T10:12:49","guid":{"rendered":"http:\/\/desolateprism-002-site3.anytempurl.com\/?page_id=3907"},"modified":"2025-08-06T13:04:39","modified_gmt":"2025-08-06T13:04:39","slug":"chi-siamo","status":"publish","type":"page","link":"https:\/\/omnivitaproduct.com\/it\/chi-siamo\/","title":{"rendered":"CHI SIAMO"},"content":{"rendered":"\t\t<div data-elementor-type=\"wp-page\" data-elementor-id=\"3907\" class=\"elementor elementor-3907\" data-elementor-post-type=\"page\">\n\t\t\t\t\t\t<section class=\"elementor-section elementor-top-section elementor-element elementor-element-63ce563 elementor-section-full_width elementor-section-height-default elementor-section-height-default\" data-id=\"63ce563\" data-element_type=\"section\" data-settings=\"{&quot;background_background&quot;:&quot;classic&quot;}\">\n\t\t\t\t\t\t<div class=\"elementor-container elementor-column-gap-default\">\n\t\t\t\t\t<div class=\"elementor-column elementor-col-100 elementor-top-column elementor-element elementor-element-5a6310e\" data-id=\"5a6310e\" data-element_type=\"column\">\n\t\t\t<div class=\"elementor-widget-wrap elementor-element-populated\">\n\t\t\t\t\t\t<div class=\"elementor-element elementor-element-ad208ca elementor-widget elementor-widget-heading\" data-id=\"ad208ca\" data-element_type=\"widget\" data-widget_type=\"heading.default\">\n\t\t\t\t<div class=\"elementor-widget-container\">\n\t\t\t<h1 class=\"elementor-heading-title elementor-size-default\">CHI SIAMO<\/h1>\t\t<\/div>\n\t\t\t\t<\/div>\n\t\t\t\t\t<\/div>\n\t\t<\/div>\n\t\t\t\t\t<\/div>\n\t\t<\/section>\n\t\t\t\t<section class=\"elementor-section elementor-top-section elementor-element elementor-element-8d185a6 elementor-section-boxed elementor-section-height-default elementor-section-height-default\" data-id=\"8d185a6\" data-element_type=\"section\">\n\t\t\t\t\t\t<div class=\"elementor-container elementor-column-gap-default\">\n\t\t\t\t\t<div class=\"elementor-column elementor-col-100 elementor-top-column elementor-element elementor-element-74b6967\" data-id=\"74b6967\" data-element_type=\"column\">\n\t\t\t<div class=\"elementor-widget-wrap elementor-element-populated\">\n\t\t\t\t\t\t<div class=\"elementor-element elementor-element-89cc67d elementor-widget elementor-widget-spacer\" data-id=\"89cc67d\" data-element_type=\"widget\" data-widget_type=\"spacer.default\">\n\t\t\t\t<div class=\"elementor-widget-container\">\n\t\t\t\t\t<div class=\"elementor-spacer\">\n\t\t\t<div class=\"elementor-spacer-inner\"><\/div>\n\t\t<\/div>\n\t\t\t\t<\/div>\n\t\t\t\t<\/div>\n\t\t\t\t<div class=\"elementor-element elementor-element-0e093ec elementor-widget elementor-widget-video\" data-id=\"0e093ec\" data-element_type=\"widget\" data-settings=\"{&quot;video_type&quot;:&quot;hosted&quot;,&quot;start&quot;:2,&quot;controls&quot;:&quot;yes&quot;}\" data-widget_type=\"video.default\">\n\t\t\t\t<div class=\"elementor-widget-container\">\n\t\t\t\t\t<div class=\"e-hosted-video elementor-wrapper elementor-open-inline\">\n\t\t\t\t\t<video class=\"elementor-video\" src=\"https:\/\/omnivitaproduct.com\/wp-content\/uploads\/2024\/02\/Animacio-TECH-IT.mp4#t=2\" controls=\"\" preload=\"metadata\" controlsList=\"nodownload\"><\/video>\n\t\t\t\t<\/div>\n\t\t\t\t<\/div>\n\t\t\t\t<\/div>\n\t\t\t\t<div class=\"elementor-element elementor-element-d8dd474 elementor-widget elementor-widget-spacer\" data-id=\"d8dd474\" data-element_type=\"widget\" data-widget_type=\"spacer.default\">\n\t\t\t\t<div class=\"elementor-widget-container\">\n\t\t\t\t\t<div class=\"elementor-spacer\">\n\t\t\t<div class=\"elementor-spacer-inner\"><\/div>\n\t\t<\/div>\n\t\t\t\t<\/div>\n\t\t\t\t<\/div>\n\t\t\t\t<div class=\"elementor-element elementor-element-fd3d375 elementor-widget elementor-widget-text-editor\" data-id=\"fd3d375\" data-element_type=\"widget\" data-widget_type=\"text-editor.default\">\n\t\t\t\t<div class=\"elementor-widget-container\">\n\t\t\t\t\t\t\t<p>\u00a0<\/p><p><span style=\"color: #000000;\">La nostra azienda \u00e8 una societ\u00e0 di ricerca e sviluppo e produzione biotecnologica, con pi\u00f9 di 20 anni.<br \/><\/span><span style=\"color: #000000;\">La biotecnologia \u00e8 uno dei settori trainanti dell&#8217;economia moderna e una delle industrie in via di sviluppo pi\u00f9 dinamica. Cerca e fornisce soluzioni efficienti per risolvere i problemi affrontati dall&#8217;umanit\u00e0, ad esempio risolvendo i problemi dell&#8217;inquinamento ambientale e della produzione agricola (biotecnologie verdi).<\/span><\/p><p><span style=\"color: #000000;\">Pandemie e problemi agrotecnici causati dalle anomalie meteorologiche estreme, la protezione delle piante a base di sostanze chimiche e il ripristino della vitalit\u00e0 del suolo, i costi elevati dovuti all&#8217;incertezza del mercato e il carico ambientale in aumento esponenziale hanno tutti un impatto sulla produzione agricola odierna, influiscono negativamente sull&#8217;effiicienza del settore dell&#8217;agricoltura e dell&#8217;industria alimentare che ne deriva. Ai nostri giorni quindi si sviluppa lentamente una domanda su un modello di agricoltura sostenibile e quasi naturale, che mantiene il livello di produzione desiderato mantenendo il livello dei costi e riducendo il carico ambientale: il suo obiettivo \u00e8 una migliore qualit\u00e0, prodotti agricoli e alimentari pi\u00f9 sani.<\/span><\/p><p><span style=\"color: #000000;\">Come risultato delle ricerche sulla <\/span><span style=\"color: #000000;\">biotecnologia verde, abbiamo sviluppato la <\/span><span style=\"color: #000000;\">linea di prodotti Omnivita\u00ae. I prodotti Omnivita\u00ae <\/span><span style=\"color: #000000;\">sono stimolatori di resa, condizionatori e <\/span><span style=\"color: #000000;\">Utilizzando i nostri prodotti possiamo <\/span><span style=\"color: #000000;\">raggiungere risultati eccezionali nel campo <\/span><span style=\"color: #000000;\">della nutrizione e della protezione delle piante. <\/span><span style=\"color: #000000;\">I bioparassiti naturali, la degradazione del fusto <\/span><span style=\"color: #000000;\">e la fissazione dell&#8217;azoto e altre colture <\/span><span style=\"color: #000000;\">possono sostituire in parte i fertilizzanti <\/span><span style=\"color: #000000;\">artificiali e i pesticidi. In questo modo <\/span><span style=\"color: #000000;\">contribuiscono alla riduzione del carico <\/span><span style=\"color: #000000;\">ambientale, contribuiscono al miglioramento a <\/span><span style=\"color: #000000;\">lungo termine della vita e della qualit\u00e0 del <\/span><span style=\"color: #000000;\">suolo, all&#8217;aumento della qualit\u00e0 e della resa dei <\/span><span style=\"color: #000000;\">raccolti e consentono di produrre allo stesso <\/span><span style=\"color: #000000;\">tempo prodotti agricoli pi\u00f9 sicuri. <\/span><span style=\"color: #000000;\">I prodotti Omnivita\u00ae influenzano positivamente i <\/span><span style=\"color: #000000;\">processi della vita del suolo e delle piante, la <\/span><span style=\"color: #000000;\">decomposizione della materia organica e la <\/span><span style=\"color: #000000;\">mineralizzazione dei minerali inorganici, <\/span><span style=\"color: #000000;\">formazioni di humus, riducendo la comparsa di <\/span><span style=\"color: #000000;\">malattie fungine, resa e qualit\u00e0 del raccolto, e <\/span><span style=\"color: #000000;\">non ultima la resistenza e la salute delle piante. <\/span><span style=\"color: #000000;\">Questa complessa funzionalit\u00e0 \u00e8 assicurata dai <\/span><span style=\"color: #000000;\">nostri ceppi di batteri sporigeni naturali <\/span><span style=\"color: #000000;\">altamente tolleranti per vari processi <\/span><span style=\"color: #000000;\">ambientali. A causa della loro natura sporale <\/span><span style=\"color: #000000;\">cistica, i prodotti sono altamente tolleranti <\/span><span style=\"color: #000000;\">all&#8217;irradiazione UV, al gelo e al calore, e <\/span><span style=\"color: #000000;\">tollerano ottimamente anche molti pesticidi. <\/span><span style=\"color: #000000;\">Famiglia di prodotti <\/span><span style=\"color: #000000;\">www.omnivitaproduct.com <\/span><span style=\"color: #000000;\">parassiti naturali vivi biologici a base di microbi <\/span><span style=\"color: #000000;\">vivi naturali, enzimi e vitamine.<\/span><\/p>\t\t\t\t\t\t<\/div>\n\t\t\t\t<\/div>\n\t\t\t\t<div class=\"elementor-element elementor-element-e6a08e2 elementor-widget elementor-widget-spacer\" data-id=\"e6a08e2\" data-element_type=\"widget\" data-widget_type=\"spacer.default\">\n\t\t\t\t<div class=\"elementor-widget-container\">\n\t\t\t\t\t<div class=\"elementor-spacer\">\n\t\t\t<div class=\"elementor-spacer-inner\"><\/div>\n\t\t<\/div>\n\t\t\t\t<\/div>\n\t\t\t\t<\/div>\n\t\t\t\t\t<\/div>\n\t\t<\/div>\n\t\t\t\t\t<\/div>\n\t\t<\/section>\n\t\t\t\t<\/div>\n\t\t","protected":false},"excerpt":{"rendered":"<p>CHI SIAMO http:\/\/desolateprism-002-site3.anytempurl.com\/wp-content\/uploads\/2024\/02\/Animacio-TECH-IT.mp4#t=2 \u00a0 La nostra azienda \u00e8 una societ\u00e0 di ricerca e sviluppo e produzione biotecnologica, con pi\u00f9 di 20 anni.La biotecnologia \u00e8 uno dei settori trainanti dell&#8217;economia moderna e una delle industrie in via di sviluppo pi\u00f9 dinamica. Cerca e fornisce soluzioni efficienti per risolvere i problemi affrontati dall&#8217;umanit\u00e0, ad esempio risolvendo i [&hellip;]<\/p>\n","protected":false},"author":2,"featured_media":0,"parent":0,"menu_order":0,"comment_status":"closed","ping_status":"closed","template":"","meta":{"site-sidebar-layout":"no-sidebar","site-content-layout":"page-builder","ast-site-content-layout":"full-width-container","site-content-style":"default","site-sidebar-style":"default","ast-global-header-display":"","ast-banner-title-visibility":"","ast-main-header-display":"","ast-hfb-above-header-display":"","ast-hfb-below-header-display":"","ast-hfb-mobile-header-display":"","site-post-title":"disabled","ast-breadcrumbs-content":"","ast-featured-img":"disabled","footer-sml-layout":"","theme-transparent-header-meta":"","adv-header-id-meta":"","stick-header-meta":"","header-above-stick-meta":"","header-main-stick-meta":"","header-below-stick-meta":"","astra-migrate-meta-layouts":"set","ast-page-background-enabled":"default","ast-page-background-meta":{"desktop":{"background-color":"","background-image":"","background-repeat":"repeat","background-position":"center center","background-size":"auto","background-attachment":"scroll","background-type":"","background-media":"","overlay-type":"","overlay-color":"","overlay-opacity":"","overlay-gradient":""},"tablet":{"background-color":"","background-image":"","background-repeat":"repeat","background-position":"center center","background-size":"auto","background-attachment":"scroll","background-type":"","background-media":"","overlay-type":"","overlay-color":"","overlay-opacity":"","overlay-gradient":""},"mobile":{"background-color":"","background-image":"","background-repeat":"repeat","background-position":"center center","background-size":"auto","background-attachment":"scroll","background-type":"","background-media":"","overlay-type":"","overlay-color":"","overlay-opacity":"","overlay-gradient":""}},"ast-content-background-meta":{"desktop":{"background-color":"var(--ast-global-color-5)","background-image":"","background-repeat":"repeat","background-position":"center center","background-size":"auto","background-attachment":"scroll","background-type":"","background-media":"","overlay-type":"","overlay-color":"","overlay-opacity":"","overlay-gradient":""},"tablet":{"background-color":"var(--ast-global-color-5)","background-image":"","background-repeat":"repeat","background-position":"center center","background-size":"auto","background-attachment":"scroll","background-type":"","background-media":"","overlay-type":"","overlay-color":"","overlay-opacity":"","overlay-gradient":""},"mobile":{"background-color":"var(--ast-global-color-5)","background-image":"","background-repeat":"repeat","background-position":"center center","background-size":"auto","background-attachment":"scroll","background-type":"","background-media":"","overlay-type":"","overlay-color":"","overlay-opacity":"","overlay-gradient":""}},"footnotes":""},"class_list":["post-3907","page","type-page","status-publish","hentry"],"_links":{"self":[{"href":"https:\/\/omnivitaproduct.com\/it\/wp-json\/wp\/v2\/pages\/3907","targetHints":{"allow":["GET"]}}],"collection":[{"href":"https:\/\/omnivitaproduct.com\/it\/wp-json\/wp\/v2\/pages"}],"about":[{"href":"https:\/\/omnivitaproduct.com\/it\/wp-json\/wp\/v2\/types\/page"}],"author":[{"embeddable":true,"href":"https:\/\/omnivitaproduct.com\/it\/wp-json\/wp\/v2\/users\/2"}],"replies":[{"embeddable":true,"href":"https:\/\/omnivitaproduct.com\/it\/wp-json\/wp\/v2\/comments?post=3907"}],"version-history":[{"count":19,"href":"https:\/\/omnivitaproduct.com\/it\/wp-json\/wp\/v2\/pages\/3907\/revisions"}],"predecessor-version":[{"id":5622,"href":"https:\/\/omnivitaproduct.com\/it\/wp-json\/wp\/v2\/pages\/3907\/revisions\/5622"}],"wp:attachment":[{"href":"https:\/\/omnivitaproduct.com\/it\/wp-json\/wp\/v2\/media?parent=3907"}],"curies":[{"name":"wp","href":"https:\/\/api.w.org\/{rel}","templated":true}]}}