{"id":4686,"date":"2024-02-01T10:12:49","date_gmt":"2024-02-01T10:12:49","guid":{"rendered":"http:\/\/desolateprism-002-site3.anytempurl.com\/chi-siamo\/"},"modified":"2024-03-01T17:19:48","modified_gmt":"2024-03-01T17:19:48","slug":"uber-uns","status":"publish","type":"page","link":"https:\/\/omnivitaproduct.com\/de\/uber-uns\/","title":{"rendered":"\u00dcber Uns"},"content":{"rendered":"\t\t<div data-elementor-type=\"wp-page\" data-elementor-id=\"4686\" class=\"elementor elementor-4686 elementor-3907\" data-elementor-post-type=\"page\">\n\t\t\t\t\t\t<section class=\"elementor-section elementor-top-section elementor-element elementor-element-63ce563 elementor-section-full_width elementor-section-height-default elementor-section-height-default\" data-id=\"63ce563\" data-element_type=\"section\" data-settings=\"{&quot;background_background&quot;:&quot;classic&quot;}\">\n\t\t\t\t\t\t<div class=\"elementor-container elementor-column-gap-default\">\n\t\t\t\t\t<div class=\"elementor-column elementor-col-100 elementor-top-column elementor-element elementor-element-5a6310e\" data-id=\"5a6310e\" data-element_type=\"column\">\n\t\t\t<div class=\"elementor-widget-wrap elementor-element-populated\">\n\t\t\t\t\t\t<div class=\"elementor-element elementor-element-ad208ca elementor-widget elementor-widget-heading\" data-id=\"ad208ca\" data-element_type=\"widget\" data-widget_type=\"heading.default\">\n\t\t\t\t<div class=\"elementor-widget-container\">\n\t\t\t<h1 class=\"elementor-heading-title elementor-size-default\">\u00dcBER UNS<\/h1>\t\t<\/div>\n\t\t\t\t<\/div>\n\t\t\t\t\t<\/div>\n\t\t<\/div>\n\t\t\t\t\t<\/div>\n\t\t<\/section>\n\t\t\t\t<section class=\"elementor-section elementor-top-section elementor-element elementor-element-8d185a6 elementor-section-boxed elementor-section-height-default elementor-section-height-default\" data-id=\"8d185a6\" data-element_type=\"section\">\n\t\t\t\t\t\t<div class=\"elementor-container elementor-column-gap-default\">\n\t\t\t\t\t<div class=\"elementor-column elementor-col-100 elementor-top-column elementor-element elementor-element-74b6967\" data-id=\"74b6967\" data-element_type=\"column\">\n\t\t\t<div class=\"elementor-widget-wrap elementor-element-populated\">\n\t\t\t\t\t\t<div class=\"elementor-element elementor-element-89cc67d elementor-widget elementor-widget-spacer\" data-id=\"89cc67d\" data-element_type=\"widget\" data-widget_type=\"spacer.default\">\n\t\t\t\t<div class=\"elementor-widget-container\">\n\t\t\t\t\t<div class=\"elementor-spacer\">\n\t\t\t<div class=\"elementor-spacer-inner\"><\/div>\n\t\t<\/div>\n\t\t\t\t<\/div>\n\t\t\t\t<\/div>\n\t\t\t\t<div class=\"elementor-element elementor-element-0e093ec elementor-widget elementor-widget-video\" data-id=\"0e093ec\" data-element_type=\"widget\" data-settings=\"{&quot;video_type&quot;:&quot;hosted&quot;,&quot;start&quot;:2,&quot;controls&quot;:&quot;yes&quot;}\" data-widget_type=\"video.default\">\n\t\t\t\t<div class=\"elementor-widget-container\">\n\t\t\t\t\t<div class=\"e-hosted-video elementor-wrapper elementor-open-inline\">\n\t\t\t\t\t<video class=\"elementor-video\" src=\"https:\/\/omnivitaproduct.com\/wp-content\/uploads\/2024\/02\/Animacio_nemet.mp4#t=2\" controls=\"\" preload=\"metadata\" controlsList=\"nodownload\"><\/video>\n\t\t\t\t<\/div>\n\t\t\t\t<\/div>\n\t\t\t\t<\/div>\n\t\t\t\t<div class=\"elementor-element elementor-element-d8dd474 elementor-widget elementor-widget-spacer\" data-id=\"d8dd474\" data-element_type=\"widget\" data-widget_type=\"spacer.default\">\n\t\t\t\t<div class=\"elementor-widget-container\">\n\t\t\t\t\t<div class=\"elementor-spacer\">\n\t\t\t<div class=\"elementor-spacer-inner\"><\/div>\n\t\t<\/div>\n\t\t\t\t<\/div>\n\t\t\t\t<\/div>\n\t\t\t\t<div class=\"elementor-element elementor-element-fd3d375 elementor-widget elementor-widget-text-editor\" data-id=\"fd3d375\" data-element_type=\"widget\" data-widget_type=\"text-editor.default\">\n\t\t\t\t<div class=\"elementor-widget-container\">\n\t\t\t\t\t\t\t<h2 class=\"\" style=\"margin-bottom: 1rem; font-size: 1rem; font-weight: bold; line-height: 1.5rem; font-family: 'Google Sans', 'Helvetica Neue', sans-serif; color: #1f1f1f; font-style: normal;\" data-sourcepos=\"1:1-1:137\">Die Biotechnologie ist einer der treibenden Sektoren der modernen Wirtschaft und eine der dynamischsten sich entwickelnden Industrien.<\/h2><p style=\"margin-top: 1rem; margin-bottom: 1rem; white-space-collapse: preserve; word-break: break-word; color: #1f1f1f; font-family: 'Google Sans', 'Helvetica Neue', sans-serif; font-size: 16px; font-style: normal; font-weight: 400;\" data-sourcepos=\"3:1-3:13\">Sie sucht und bietet effiziente L\u00f6sungen zur L\u00f6sung der Probleme, mit denen die Menschheit konfrontiert ist, z. B. durch die L\u00f6sung der Probleme der Umweltverschmutzung und der landwirtschaftlichen Produktion (gr\u00fcne Biotechnologien).<\/p><p style=\"margin-top: 1rem; margin-bottom: 1rem; white-space-collapse: preserve; word-break: break-word; color: #1f1f1f; font-family: 'Google Sans', 'Helvetica Neue', sans-serif; font-size: 16px; font-style: normal; font-weight: 400;\" data-sourcepos=\"5:1-5:74\"><span style=\"font-weight: bold;\">Pandemien und agrotechnische Probleme, die durch extreme Wetteranomalien verursacht werden, der Pflanzenschutz auf chemischer Basis und die Wiederherstellung der Vitalit\u00e4t des Bodens, die hohen Kosten aufgrund der Marktunsicherheit und die exponentiell zunehmende Umweltbelastung<\/span> haben alle einen Einfluss auf die heutige landwirtschaftliche Produktion. Sie beeinflussen die Effizienz des Agrarsektors und der daraus abgeleiteten Lebensmittelindustrie negativ.<\/p><p style=\"margin-top: 1rem; margin-bottom: 1rem; white-space-collapse: preserve; word-break: break-word; color: #1f1f1f; font-family: 'Google Sans', 'Helvetica Neue', sans-serif; font-size: 16px; font-style: normal; font-weight: 400;\" data-sourcepos=\"7:1-7:346\">Heutzutage entwickelt sich daher langsam eine Nachfrage nach einem Modell einer nachhaltigen und fast nat\u00fcrlichen Landwirtschaft, das das gew\u00fcnschte Produktionsniveau bei gleichzeitiger Kostenstabilit\u00e4t und Reduzierung der Umweltbelastung aufrechterh\u00e4lt: Das Ziel ist eine bessere Qualit\u00e4t, ges\u00fcndere landwirtschaftliche und Lebensmittelprodukte.<\/p><p style=\"margin-top: 1rem; margin-bottom: 1rem; white-space-collapse: preserve; word-break: break-word; color: #1f1f1f; font-family: 'Google Sans', 'Helvetica Neue', sans-serif; font-size: 16px; font-style: normal; font-weight: 400;\" data-sourcepos=\"9:1-9:113\"><span style=\"font-weight: bold;\">Als Ergebnis der Forschung im Bereich der gr\u00fcnen Biotechnologie haben wir die Produktlinie Omnivita\u00ae entwickelt.<\/span><\/p><p style=\"margin-top: 1rem; margin-bottom: 1rem; white-space-collapse: preserve; word-break: break-word; color: #1f1f1f; font-family: 'Google Sans', 'Helvetica Neue', sans-serif; font-size: 16px; font-style: normal; font-weight: 400;\" data-sourcepos=\"11:1-11:392\"><span style=\"font-weight: bold;\">Omnivita\u00ae-Produkte<\/span> sind Ertragsstimulatoren, Konditionierer und Biostimulanzien. Durch den Einsatz unserer Produkte k\u00f6nnen wir im Bereich der Pflanzenern\u00e4hrung und des Pflanzenschutzes aussergew\u00f6hnliche Ergebnisse erzielen. Nat\u00fcrliche Biopestizide, die Zersetzung von Stoppeln und die Stickstofffixierung und andere Kulturen k\u00f6nnen teilweise k\u00fcnstliche D\u00fcngemittel und Pestizide ersetzen.<\/p><p style=\"margin-top: 1rem; margin-bottom: 1rem; white-space-collapse: preserve; word-break: break-word; color: #1f1f1f; font-family: 'Google Sans', 'Helvetica Neue', sans-serif; font-size: 16px; font-style: normal; font-weight: 400;\" data-sourcepos=\"13:1-13:265\"><span style=\"font-weight: bold;\">Auf diese Weise tragen sie zur Reduzierung der Umweltbelastung bei, verbessern die Lebensdauer und Qualit\u00e4t des Bodens langfristig, erh\u00f6hen die Qualit\u00e4t und den Ertrag der Ernte und erm\u00f6glichen gleichzeitig die Produktion sicherer landwirtschaftlicher Produkte.<\/span><\/p><p style=\"margin-top: 1rem; margin-bottom: 1rem; white-space-collapse: preserve; word-break: break-word; color: #1f1f1f; font-family: 'Google Sans', 'Helvetica Neue', sans-serif; font-size: 16px; font-style: normal; font-weight: 400;\" data-sourcepos=\"15:1-15:554\"><span style=\"font-weight: bold;\">Omnivita\u00ae-Produkte<\/span> beeinflussen positiv die Lebensprozesse von Boden und Pflanzen, die Zersetzung organischer Materie und die Mineralisierung anorganischer Minerale, die Humusbildung, reduzieren das Auftreten von Pilzkrankheiten, den Ertrag und die Qualit\u00e4t der Ernte und nicht zuletzt die Widerstandsf\u00e4higkeit und Gesundheit der Pflanzen. Diese komplexe Funktionalit\u00e4t wird durch unsere St\u00e4mme von nat\u00fcrlichen sporenbildenden Bakterien gew\u00e4hrleistet, die gegen\u00fcber verschiedenen Umweltprozessen hochtolerant sind. Aufgrund ihrer zystenartigen Sporennatur sind die Produkte hochtolerant gegen\u00fcber UV-Strahlung, Frost und Hitze und vertragen auch viele Pestizide sehr gut.<\/p><p style=\"margin-top: 1rem; margin-bottom: 1rem; white-space-collapse: preserve; word-break: break-word; color: #1f1f1f; font-family: 'Google Sans', 'Helvetica Neue', sans-serif; font-size: 16px; font-style: normal; font-weight: 400;\" data-sourcepos=\"17:1-17:70\"><span style=\"font-weight: bold;\">Produktfamilie www.omnivitaproduct.com<\/span><\/p><ul style=\"margin-top: 4px; margin-bottom: 4px; margin-left: 0px; padding-inline-start: 1.125rem; color: #1f1f1f; font-family: 'Google Sans', 'Helvetica Neue', sans-serif; font-size: 16px; font-style: normal; font-weight: 400;\" data-sourcepos=\"19:1-20:0\"><li data-sourcepos=\"19:1-20:0\"><span style=\"font-weight: bold;\">Biologische Lebendpr\u00e4parate<\/span>\u00a0auf Basis nat\u00fcrlicher lebender Mikroben,\u00a0Enzyme und Vitamine.<\/li><\/ul>\t\t\t\t\t\t<\/div>\n\t\t\t\t<\/div>\n\t\t\t\t<div class=\"elementor-element elementor-element-e6a08e2 elementor-widget elementor-widget-spacer\" data-id=\"e6a08e2\" data-element_type=\"widget\" data-widget_type=\"spacer.default\">\n\t\t\t\t<div class=\"elementor-widget-container\">\n\t\t\t\t\t<div class=\"elementor-spacer\">\n\t\t\t<div class=\"elementor-spacer-inner\"><\/div>\n\t\t<\/div>\n\t\t\t\t<\/div>\n\t\t\t\t<\/div>\n\t\t\t\t\t<\/div>\n\t\t<\/div>\n\t\t\t\t\t<\/div>\n\t\t<\/section>\n\t\t\t\t<\/div>\n\t\t","protected":false},"excerpt":{"rendered":"<p>\u00dcBER UNS http:\/\/desolateprism-002-site3.anytempurl.com\/wp-content\/uploads\/2024\/02\/Animacio_nemet.mp4#t=2 Die Biotechnologie ist einer der treibenden Sektoren der modernen Wirtschaft und eine der dynamischsten sich entwickelnden Industrien. Sie sucht und bietet effiziente L\u00f6sungen zur L\u00f6sung der Probleme, mit denen die Menschheit konfrontiert ist, z. B. durch die L\u00f6sung der Probleme der Umweltverschmutzung und der landwirtschaftlichen Produktion (gr\u00fcne Biotechnologien). Pandemien und agrotechnische Probleme, [&hellip;]<\/p>\n","protected":false},"author":2,"featured_media":0,"parent":0,"menu_order":0,"comment_status":"closed","ping_status":"closed","template":"","meta":{"site-sidebar-layout":"no-sidebar","site-content-layout":"page-builder","ast-site-content-layout":"full-width-container","site-content-style":"default","site-sidebar-style":"default","ast-global-header-display":"","ast-banner-title-visibility":"","ast-main-header-display":"","ast-hfb-above-header-display":"","ast-hfb-below-header-display":"","ast-hfb-mobile-header-display":"","site-post-title":"disabled","ast-breadcrumbs-content":"","ast-featured-img":"disabled","footer-sml-layout":"","theme-transparent-header-meta":"","adv-header-id-meta":"","stick-header-meta":"","header-above-stick-meta":"","header-main-stick-meta":"","header-below-stick-meta":"","astra-migrate-meta-layouts":"set","ast-page-background-enabled":"default","ast-page-background-meta":{"desktop":{"background-color":"","background-image":"","background-repeat":"repeat","background-position":"center center","background-size":"auto","background-attachment":"scroll","background-type":"","background-media":"","overlay-type":"","overlay-color":"","overlay-opacity":"","overlay-gradient":""},"tablet":{"background-color":"","background-image":"","background-repeat":"repeat","background-position":"center center","background-size":"auto","background-attachment":"scroll","background-type":"","background-media":"","overlay-type":"","overlay-color":"","overlay-opacity":"","overlay-gradient":""},"mobile":{"background-color":"","background-image":"","background-repeat":"repeat","background-position":"center center","background-size":"auto","background-attachment":"scroll","background-type":"","background-media":"","overlay-type":"","overlay-color":"","overlay-opacity":"","overlay-gradient":""}},"ast-content-background-meta":{"desktop":{"background-color":"var(--ast-global-color-5)","background-image":"","background-repeat":"repeat","background-position":"center center","background-size":"auto","background-attachment":"scroll","background-type":"","background-media":"","overlay-type":"","overlay-color":"","overlay-opacity":"","overlay-gradient":""},"tablet":{"background-color":"var(--ast-global-color-5)","background-image":"","background-repeat":"repeat","background-position":"center center","background-size":"auto","background-attachment":"scroll","background-type":"","background-media":"","overlay-type":"","overlay-color":"","overlay-opacity":"","overlay-gradient":""},"mobile":{"background-color":"var(--ast-global-color-5)","background-image":"","background-repeat":"repeat","background-position":"center center","background-size":"auto","background-attachment":"scroll","background-type":"","background-media":"","overlay-type":"","overlay-color":"","overlay-opacity":"","overlay-gradient":""}},"footnotes":""},"class_list":["post-4686","page","type-page","status-publish","hentry"],"_links":{"self":[{"href":"https:\/\/omnivitaproduct.com\/de\/wp-json\/wp\/v2\/pages\/4686","targetHints":{"allow":["GET"]}}],"collection":[{"href":"https:\/\/omnivitaproduct.com\/de\/wp-json\/wp\/v2\/pages"}],"about":[{"href":"https:\/\/omnivitaproduct.com\/de\/wp-json\/wp\/v2\/types\/page"}],"author":[{"embeddable":true,"href":"https:\/\/omnivitaproduct.com\/de\/wp-json\/wp\/v2\/users\/2"}],"replies":[{"embeddable":true,"href":"https:\/\/omnivitaproduct.com\/de\/wp-json\/wp\/v2\/comments?post=4686"}],"version-history":[{"count":7,"href":"https:\/\/omnivitaproduct.com\/de\/wp-json\/wp\/v2\/pages\/4686\/revisions"}],"predecessor-version":[{"id":5089,"href":"https:\/\/omnivitaproduct.com\/de\/wp-json\/wp\/v2\/pages\/4686\/revisions\/5089"}],"wp:attachment":[{"href":"https:\/\/omnivitaproduct.com\/de\/wp-json\/wp\/v2\/media?parent=4686"}],"curies":[{"name":"wp","href":"https:\/\/api.w.org\/{rel}","templated":true}]}}