{"id":4639,"date":"2024-02-01T13:00:28","date_gmt":"2024-02-01T13:00:28","guid":{"rendered":"http:\/\/desolateprism-002-site3.anytempurl.com\/mantovita-it\/"},"modified":"2024-07-12T22:20:11","modified_gmt":"2024-07-12T22:20:11","slug":"mantovita","status":"publish","type":"page","link":"https:\/\/omnivitaproduct.com\/de\/mantovita\/","title":{"rendered":"MANTOVITA"},"content":{"rendered":"\t\t<div data-elementor-type=\"wp-page\" data-elementor-id=\"4639\" class=\"elementor elementor-4639 elementor-4076\" data-elementor-post-type=\"page\">\n\t\t\t\t\t\t<section class=\"elementor-section elementor-top-section elementor-element elementor-element-63ce563 elementor-section-full_width elementor-section-height-default elementor-section-height-default\" data-id=\"63ce563\" data-element_type=\"section\" data-settings=\"{&quot;background_background&quot;:&quot;classic&quot;}\">\n\t\t\t\t\t\t<div class=\"elementor-container elementor-column-gap-default\">\n\t\t\t\t\t<div class=\"elementor-column elementor-col-100 elementor-top-column elementor-element elementor-element-5a6310e\" data-id=\"5a6310e\" data-element_type=\"column\">\n\t\t\t<div class=\"elementor-widget-wrap elementor-element-populated\">\n\t\t\t\t\t\t<div class=\"elementor-element elementor-element-ad208ca elementor-widget elementor-widget-heading\" data-id=\"ad208ca\" data-element_type=\"widget\" data-widget_type=\"heading.default\">\n\t\t\t\t<div class=\"elementor-widget-container\">\n\t\t\t<h1 class=\"elementor-heading-title elementor-size-default\">MANTOVITA\u00ae<\/h1>\t\t<\/div>\n\t\t\t\t<\/div>\n\t\t\t\t\t<\/div>\n\t\t<\/div>\n\t\t\t\t\t<\/div>\n\t\t<\/section>\n\t\t\t\t<section class=\"elementor-section elementor-top-section elementor-element elementor-element-8d185a6 elementor-section-boxed elementor-section-height-default elementor-section-height-default\" data-id=\"8d185a6\" data-element_type=\"section\">\n\t\t\t\t\t\t<div class=\"elementor-container elementor-column-gap-default\">\n\t\t\t\t\t<div class=\"elementor-column elementor-col-100 elementor-top-column elementor-element elementor-element-74b6967\" data-id=\"74b6967\" data-element_type=\"column\">\n\t\t\t<div class=\"elementor-widget-wrap elementor-element-populated\">\n\t\t\t\t\t\t<div class=\"elementor-element elementor-element-d8dd474 elementor-widget elementor-widget-spacer\" data-id=\"d8dd474\" data-element_type=\"widget\" data-widget_type=\"spacer.default\">\n\t\t\t\t<div class=\"elementor-widget-container\">\n\t\t\t\t\t<div class=\"elementor-spacer\">\n\t\t\t<div class=\"elementor-spacer-inner\"><\/div>\n\t\t<\/div>\n\t\t\t\t<\/div>\n\t\t\t\t<\/div>\n\t\t\t\t<div class=\"elementor-element elementor-element-20a28ce elementor-view-default elementor-position-top elementor-mobile-position-top elementor-widget elementor-widget-icon-box\" data-id=\"20a28ce\" data-element_type=\"widget\" data-widget_type=\"icon-box.default\">\n\t\t\t\t<div class=\"elementor-widget-container\">\n\t\t\t\t\t<div class=\"elementor-icon-box-wrapper\">\n\n\t\t\t\t\t\t<div class=\"elementor-icon-box-icon\">\n\t\t\t\t<a href=\"https:\/\/omnivitaproduct.com\/wp-content\/uploads\/2024\/07\/Radivita-Salvovita-Mantovita-2024-DE-V2.pdf\" class=\"elementor-icon elementor-animation-\" tabindex=\"-1\">\n\t\t\t\t<i aria-hidden=\"true\" class=\"far fa-file-pdf\"><\/i>\t\t\t\t<\/a>\n\t\t\t<\/div>\n\t\t\t\n\t\t\t\t\t\t<div class=\"elementor-icon-box-content\">\n\n\t\t\t\t\t\t\t\t\t<h3 class=\"elementor-icon-box-title\">\n\t\t\t\t\t\t<a href=\"https:\/\/omnivitaproduct.com\/wp-content\/uploads\/2024\/07\/Radivita-Salvovita-Mantovita-2024-DE-V2.pdf\" >\n\t\t\t\t\t\t\tMantoVita\u00ae PDF\t\t\t\t\t\t<\/a>\n\t\t\t\t\t<\/h3>\n\t\t\t\t\n\t\t\t\t\n\t\t\t<\/div>\n\t\t\t\n\t\t<\/div>\n\t\t\t\t<\/div>\n\t\t\t\t<\/div>\n\t\t\t\t<div class=\"elementor-element elementor-element-fd3d375 elementor-widget elementor-widget-text-editor\" data-id=\"fd3d375\" data-element_type=\"widget\" data-widget_type=\"text-editor.default\">\n\t\t\t\t<div class=\"elementor-widget-container\">\n\t\t\t\t\t\t\t<p><span style=\"color: #000000;\"><img decoding=\"async\" class=\"alignnone size-medium wp-image-3786\" src=\"https:\/\/omnivitaproduct.com\/wp-content\/uploads\/2024\/02\/manto-300x108.png\" alt=\"\" width=\"300\" height=\"108\" srcset=\"https:\/\/omnivitaproduct.com\/wp-content\/uploads\/2024\/02\/manto-300x108.png 300w, https:\/\/omnivitaproduct.com\/wp-content\/uploads\/2024\/02\/manto-768x277.png 768w, https:\/\/omnivitaproduct.com\/wp-content\/uploads\/2024\/02\/manto.png 783w\" sizes=\"(max-width: 300px) 100vw, 300px\" \/><\/span><\/p><p><span style=\"color: #000000;\"><strong>Omnivita\u00ae MantoVita<\/strong> &#8211; bioaktive Zubereitung f\u00fcr die Blattbehandlung.<\/span><\/p><p><span style=\"color: #000000;\">Es handelt sich um ein fl\u00fcssiges multifunktionales Biostimulanz- Pr\u00e4parat zur St\u00e4rkung von Pflanzen, die die Prozesse der Gr\u00fcnfl\u00e4chenoberfl\u00e4che, die allgemeine Gesundheit der Pflanzen und das Selbstverteidigungssystem gegen Pilzinfektionen positiv beeinflusst.<\/span><\/p><p>\u00a0<\/p><p><span style=\"color: #000000;\">Wir haben einige Produkte in der Endphase der Entwicklung und unter Registrierung:<\/span><br \/><br \/><\/p><p><span style=\"color: #000000;\">&#8211; VIVACC: biologisches Pr\u00e4parat f\u00fcr die Saatgutbehandlung aller Pflanzen. Es handelt sich um ein breitfl\u00e4chig wirkendes Insektizid in fester Form gegen bodenb\u00fcrtige Insekten (Drahtw\u00fcrmer, Diabrotica, Schnittw\u00fcrmer)<\/span><br \/><br \/><\/p><p><span style=\"color: #000000;\">&#8211; DESICCAVITA: organischer Entlaubungsmittel f\u00fcr Sonnenblumen und Kartoffeln<\/span><\/p>\t\t\t\t\t\t<\/div>\n\t\t\t\t<\/div>\n\t\t\t\t<div class=\"elementor-element elementor-element-8cb7694 elementor-widget elementor-widget-video\" data-id=\"8cb7694\" data-element_type=\"widget\" data-settings=\"{&quot;video_type&quot;:&quot;hosted&quot;,&quot;controls&quot;:&quot;yes&quot;}\" data-widget_type=\"video.default\">\n\t\t\t\t<div class=\"elementor-widget-container\">\n\t\t\t\t\t<div class=\"e-hosted-video elementor-wrapper elementor-open-inline\">\n\t\t\t\t\t<video class=\"elementor-video\" src=\"https:\/\/omnivitaproduct.com\/wp-content\/uploads\/2024\/03\/GER3_Mantovita.mp4\" controls=\"\" preload=\"metadata\" controlsList=\"nodownload\" poster=\"https:\/\/omnivitaproduct.com\/wp-content\/uploads\/2024\/02\/dsa.png\"><\/video>\n\t\t\t\t<\/div>\n\t\t\t\t<\/div>\n\t\t\t\t<\/div>\n\t\t\t\t<div class=\"elementor-element elementor-element-e6a08e2 elementor-widget elementor-widget-spacer\" data-id=\"e6a08e2\" data-element_type=\"widget\" data-widget_type=\"spacer.default\">\n\t\t\t\t<div class=\"elementor-widget-container\">\n\t\t\t\t\t<div class=\"elementor-spacer\">\n\t\t\t<div class=\"elementor-spacer-inner\"><\/div>\n\t\t<\/div>\n\t\t\t\t<\/div>\n\t\t\t\t<\/div>\n\t\t\t\t\t<\/div>\n\t\t<\/div>\n\t\t\t\t\t<\/div>\n\t\t<\/section>\n\t\t\t\t<\/div>\n\t\t","protected":false},"excerpt":{"rendered":"<p>MANTOVITA\u00ae MantoVita\u00ae PDF Omnivita\u00ae MantoVita &#8211; bioaktive Zubereitung f\u00fcr die Blattbehandlung. Es handelt sich um ein fl\u00fcssiges multifunktionales Biostimulanz- Pr\u00e4parat zur St\u00e4rkung von Pflanzen, die die Prozesse der Gr\u00fcnfl\u00e4chenoberfl\u00e4che, die allgemeine Gesundheit der Pflanzen und das Selbstverteidigungssystem gegen Pilzinfektionen positiv beeinflusst. \u00a0 Wir haben einige Produkte in der Endphase der Entwicklung und unter Registrierung: &#8211; [&hellip;]<\/p>\n","protected":false},"author":2,"featured_media":0,"parent":0,"menu_order":0,"comment_status":"closed","ping_status":"closed","template":"","meta":{"site-sidebar-layout":"no-sidebar","site-content-layout":"page-builder","ast-site-content-layout":"full-width-container","site-content-style":"default","site-sidebar-style":"default","ast-global-header-display":"","ast-banner-title-visibility":"","ast-main-header-display":"","ast-hfb-above-header-display":"","ast-hfb-below-header-display":"","ast-hfb-mobile-header-display":"","site-post-title":"disabled","ast-breadcrumbs-content":"","ast-featured-img":"disabled","footer-sml-layout":"","theme-transparent-header-meta":"","adv-header-id-meta":"","stick-header-meta":"","header-above-stick-meta":"","header-main-stick-meta":"","header-below-stick-meta":"","astra-migrate-meta-layouts":"set","ast-page-background-enabled":"default","ast-page-background-meta":{"desktop":{"background-color":"","background-image":"","background-repeat":"repeat","background-position":"center center","background-size":"auto","background-attachment":"scroll","background-type":"","background-media":"","overlay-type":"","overlay-color":"","overlay-opacity":"","overlay-gradient":""},"tablet":{"background-color":"","background-image":"","background-repeat":"repeat","background-position":"center center","background-size":"auto","background-attachment":"scroll","background-type":"","background-media":"","overlay-type":"","overlay-color":"","overlay-opacity":"","overlay-gradient":""},"mobile":{"background-color":"","background-image":"","background-repeat":"repeat","background-position":"center center","background-size":"auto","background-attachment":"scroll","background-type":"","background-media":"","overlay-type":"","overlay-color":"","overlay-opacity":"","overlay-gradient":""}},"ast-content-background-meta":{"desktop":{"background-color":"var(--ast-global-color-5)","background-image":"","background-repeat":"repeat","background-position":"center center","background-size":"auto","background-attachment":"scroll","background-type":"","background-media":"","overlay-type":"","overlay-color":"","overlay-opacity":"","overlay-gradient":""},"tablet":{"background-color":"var(--ast-global-color-5)","background-image":"","background-repeat":"repeat","background-position":"center center","background-size":"auto","background-attachment":"scroll","background-type":"","background-media":"","overlay-type":"","overlay-color":"","overlay-opacity":"","overlay-gradient":""},"mobile":{"background-color":"var(--ast-global-color-5)","background-image":"","background-repeat":"repeat","background-position":"center center","background-size":"auto","background-attachment":"scroll","background-type":"","background-media":"","overlay-type":"","overlay-color":"","overlay-opacity":"","overlay-gradient":""}},"footnotes":""},"class_list":["post-4639","page","type-page","status-publish","hentry"],"_links":{"self":[{"href":"https:\/\/omnivitaproduct.com\/de\/wp-json\/wp\/v2\/pages\/4639","targetHints":{"allow":["GET"]}}],"collection":[{"href":"https:\/\/omnivitaproduct.com\/de\/wp-json\/wp\/v2\/pages"}],"about":[{"href":"https:\/\/omnivitaproduct.com\/de\/wp-json\/wp\/v2\/types\/page"}],"author":[{"embeddable":true,"href":"https:\/\/omnivitaproduct.com\/de\/wp-json\/wp\/v2\/users\/2"}],"replies":[{"embeddable":true,"href":"https:\/\/omnivitaproduct.com\/de\/wp-json\/wp\/v2\/comments?post=4639"}],"version-history":[{"count":10,"href":"https:\/\/omnivitaproduct.com\/de\/wp-json\/wp\/v2\/pages\/4639\/revisions"}],"predecessor-version":[{"id":5468,"href":"https:\/\/omnivitaproduct.com\/de\/wp-json\/wp\/v2\/pages\/4639\/revisions\/5468"}],"wp:attachment":[{"href":"https:\/\/omnivitaproduct.com\/de\/wp-json\/wp\/v2\/media?parent=4639"}],"curies":[{"name":"wp","href":"https:\/\/api.w.org\/{rel}","templated":true}]}}