{"id":4159,"date":"2024-02-02T14:04:50","date_gmt":"2024-02-02T14:04:50","guid":{"rendered":"http:\/\/desolateprism-002-site3.anytempurl.com\/?page_id=4159"},"modified":"2024-02-02T14:12:18","modified_gmt":"2024-02-02T14:12:18","slug":"datenschutzerklaerung","status":"publish","type":"page","link":"https:\/\/omnivitaproduct.com\/de\/datenschutzerklaerung\/","title":{"rendered":"Datenschutzerkl\u00e4rung&#8220;"},"content":{"rendered":"\t\t<div data-elementor-type=\"wp-page\" data-elementor-id=\"4159\" class=\"elementor elementor-4159 elementor-170\" data-elementor-post-type=\"page\">\n\t\t\t\t\t\t<section class=\"elementor-section elementor-top-section elementor-element elementor-element-441c23db elementor-section-boxed elementor-section-height-default elementor-section-height-default\" data-id=\"441c23db\" data-element_type=\"section\">\n\t\t\t\t\t\t<div class=\"elementor-container elementor-column-gap-default\">\n\t\t\t\t\t<div class=\"elementor-column elementor-col-100 elementor-top-column elementor-element elementor-element-3ce2c456\" data-id=\"3ce2c456\" data-element_type=\"column\">\n\t\t\t<div class=\"elementor-widget-wrap elementor-element-populated\">\n\t\t\t\t\t\t<div class=\"elementor-element elementor-element-42a39ab6 elementor-widget elementor-widget-image\" data-id=\"42a39ab6\" data-element_type=\"widget\" data-widget_type=\"image.default\">\n\t\t\t\t<div class=\"elementor-widget-container\">\n\t\t\t\t\t\t\t\t\t\t\t\t\t<img fetchpriority=\"high\" decoding=\"async\" width=\"1024\" height=\"423\" src=\"https:\/\/omnivitaproduct.com\/wp-content\/uploads\/2020\/07\/Omnivita_logo-1024x423.png\" class=\"attachment-large size-large wp-image-30\" alt=\"\" srcset=\"https:\/\/omnivitaproduct.com\/wp-content\/uploads\/2020\/07\/Omnivita_logo-1024x423.png 1024w, https:\/\/omnivitaproduct.com\/wp-content\/uploads\/2020\/07\/Omnivita_logo-300x124.png 300w, https:\/\/omnivitaproduct.com\/wp-content\/uploads\/2020\/07\/Omnivita_logo-768x317.png 768w, https:\/\/omnivitaproduct.com\/wp-content\/uploads\/2020\/07\/Omnivita_logo.png 1414w\" sizes=\"(max-width: 1024px) 100vw, 1024px\" \/>\t\t\t\t\t\t\t\t\t\t\t\t\t<\/div>\n\t\t\t\t<\/div>\n\t\t\t\t<div class=\"elementor-element elementor-element-3d278fb7 elementor-widget elementor-widget-heading\" data-id=\"3d278fb7\" data-element_type=\"widget\" data-widget_type=\"heading.default\">\n\t\t\t\t<div class=\"elementor-widget-container\">\n\t\t\t<h1 class=\"elementor-heading-title elementor-size-default\">Datenschutzerkl\u00e4rung\"\n\n<\/h1>\t\t<\/div>\n\t\t\t\t<\/div>\n\t\t\t\t<div class=\"elementor-element elementor-element-303ea5e0 elementor-widget elementor-widget-text-editor\" data-id=\"303ea5e0\" data-element_type=\"widget\" data-widget_type=\"text-editor.default\">\n\t\t\t\t<div class=\"elementor-widget-container\">\n\t\t\t\t\t\t\t<ol><li>EINF\u00dcHRUNG<\/li><\/ol><p>Es ist f\u00fcr uns sehr wichtig, die geltenden Datenschutzbestimmungen und Gesetze einzuhalten. Im Folgenden erl\u00e4utern wir ausf\u00fchrlich die Schritte zur Datenschutzrichtlinie von omnivitaproduct.com und BIOPLANT-CHEMIE KFT. sowie die mit der Datenerhebung verbundenen Prozesse.<\/p><p>Die Daten werden von BIOPLANT-CHEMIE KFT verwaltet, und dieses Unternehmen ist f\u00fcr die Verarbeitung personenbezogener Daten verantwortlich.<\/p><p>Kontaktdaten:<\/p><p>Vollst\u00e4ndiger rechtlicher Name:<\/p><p>BIOPLANT-CHEMIE Biotechnologische und Agrochemische Entwicklungs- und Landwirtschaftliche Produktions GmbH<\/p><p>E-Mail-Adresse: <a target=\"_new\">info@desolateprism-002-site3.anytempurl.com<\/a><\/p><p>Postanschrift: 4824, Szamosszeg, Laczfi N\u00e1ndor utca 40.<\/p><ol start=\"2\"><li>WELCHE PERS\u00d6NLICHEN DATEN VERARBEITEN WIR UND WARUM?<\/li><\/ol><p>Personenbezogene Daten sind Daten, die eine eindeutige Identifizierung einer Person erm\u00f6glichen.<\/p><p>Auf der Website omnivitaproduct.com verarbeiten wir die folgenden personenbezogenen Daten unter genauer Angabe der Rechtsgrundlage:<\/p><p>KOMMUNIKATIONSDATEN Dies umfasst alle Nachrichten, die Sie uns \u00fcber die Website, per E-Mail, in sozialen Medien oder auf andere Weise zukommen lassen.<\/p><p>Wir verarbeiten und speichern diese Daten, um Fehlermeldungen zu bearbeiten und bei rechtlichen Anspr\u00fcchen Entscheidungsgrundlagen zu liefern.<\/p><p>Unsere Rechtsgrundlage f\u00fcr diese Verarbeitung ist das nachgewiesene Interesse des Benutzers an unserer T\u00e4tigkeit, das sich in den an uns gerichteten Nachrichten zeigt.<\/p><p>NUTZERDATEN Dies umfasst Daten, die w\u00e4hrend der Nutzung der Website generiert werden und es uns erm\u00f6glichen, den technischen Betrieb der Website aufrechtzuerhalten, die Sicherheit der Website zu gew\u00e4hrleisten, Aktivit\u00e4tsprotokolle der Benutzer zu speichern und den Benutzern stets relevante Inhalte zur Verf\u00fcgung zu stellen.<\/p><p>Die Verarbeitung dieser Daten erfolgt aufgrund des eindeutigen Interesses des Benutzers an unserer T\u00e4tigkeit, da dies zur Sicherstellung dieser Dienste und des technischen Betriebs der Website erforderlich ist.<\/p><p>TECHNISCHE DATEN Dies umfasst Daten, die w\u00e4hrend der Nutzung der Website generiert werden, wie z. B. IP-Adresse, Anmeldeinformationen, Browserdaten, Besuchszeiten von Seiten, Seitenaufrufe und Navigationspfade, Besuchszeiten und -daten, Zeitzonen und Ger\u00e4teinformationen, mit denen Sie die Website anzeigen.<\/p><p>Die Quelle dieser Daten ist unsere Analysesoftware.<\/p><p>Wir verarbeiten diese Daten, um das Verhalten der Benutzer auf der Website zu analysieren, die sichere Funktion unserer Website zu gew\u00e4hrleisten und die Wirksamkeit unserer Marketingentscheidungen zu verstehen.<\/p><p>Die Rechtsgrundlage f\u00fcr die Verarbeitung dieser Daten ist das eindeutige Interesse des Benutzers an unserer T\u00e4tigkeit, das es uns erm\u00f6glicht, diese Daten gem\u00e4\u00df den Sicherheitsanforderungen zu verarbeiten und sie zur Verbesserung unseres Gesch\u00e4fts zu nutzen.<\/p><p>MARKETINGDATEN Dies umfasst die Vorlieben der Besucher, welche Art von Marketinginhalten sie von uns erhalten m\u00f6chten. Wir verarbeiten diese Daten, um die Teilnahme an Gewinnspielen zu erm\u00f6glichen und Werbung f\u00fcr unsere Produkte\/Dienstleistungen zu senden, f\u00fcr die sich der Benutzer interessiert hat.<\/p><p>Die Rechtsgrundlage f\u00fcr die Verarbeitung dieser Daten ist das eindeutige Interesse des Benutzers an unserer T\u00e4tigkeit, das es uns erm\u00f6glicht, diese Daten gem\u00e4\u00df den Sicherheitsanforderungen zu verarbeiten und sie zur Verbesserung unseres Gesch\u00e4fts zu nutzen.<\/p><p>Die gesammelten Daten k\u00f6nnen gelegentlich f\u00fcr Zwecke wie die Bereitstellung gezielter, relevanter Anzeigen auf der Facebook\u2122-Plattform oder verschiedenen dynamischen Anzeigenplattformen verwendet werden, und wir messen die Wirksamkeit von Anzeigen.<\/p><p>Die Rechtsgrundlage f\u00fcr die Verarbeitung dieser Daten ist das eindeutige Interesse des Benutzers an unserer T\u00e4tigkeit, das es uns erm\u00f6glicht, diese Daten gem\u00e4\u00df den Sicherheitsanforderungen zu verarbeiten und sie zur Verbesserung unseres Gesch\u00e4fts zu nutzen.<\/p><p>W\u00e4hrend unserer T\u00e4tigkeit erfassen wir keine sensiblen Daten wie ethnische Herkunft, religi\u00f6se Ansichten, sexuelles Leben und Orientierung, politische Meinungen und Gewerkschaftszugeh\u00f6rigkeit, Gesundheitsinformationen sowie genetische oder biometrische Informationen.<\/p><ol start=\"3\"><li>WIE ERFASSEN WIR DATEN?<\/li><\/ol><p>Personenbezogene Daten k\u00f6nnen auf direktem Wege von den Benutzern bereitgestellt werden (z. B. durch das Absenden einer Bestellung oder das Senden einer Nachricht).<\/p><p>Dar\u00fcber hinaus werden bestimmte Daten automatisch w\u00e4hrend der Nutzung der Website erfasst, z. B. mit sogenannten &#8222;Cookies&#8220; und \u00e4hnlichen Technologien. Diese werden erst nach Zustimmung des Benutzers aktiviert.<\/p><p>F\u00fcr weitere Informationen sehen Sie sich bitte unsere Cookie-Richtlinie an.<\/p><p>Bestimmte Daten erhalten wir von externen Partnern, wie z. B. Analyseanbietern wie Google (Partner au\u00dferhalb der EU) und Werbenetzwerken wie Facebook\u2122 (Partner au\u00dferhalb der EU).<\/p><ol start=\"4\"><li>UNSERE DATENSCHUTZPRAXIS<\/li><\/ol><p>F\u00fcr BIOPLANT-CHEMIE KFT hat der Schutz der Benutzerdaten und die Einhaltung der geltenden Vorschriften oberste Priorit\u00e4t. Nach einer Datenschutz-Folgenabsch\u00e4tzung auf der Website haben wir eine Liste der gesammelten Daten, ihrer Notwendigkeit und Rechtsgrundlage sowie gesetzlicher Anforderungen erstellt.<\/p><p>Zum Schutz der auf Formularen angegebenen und auf der Website generierten Daten verwenden wir eine SSL-Zertifizierung f\u00fcr die gesamte Website (Zertifizierung von Let&#8217;s Encrypt Authority X3). Zum Schutz vor Angriffen auf die Website verwenden wir Premium-Sicherheitssoftware (iThemes Security Pro und Wordfence), um die gespeicherten Daten vor &#8222;Brute-Force&#8220;- und Malware-Angriffen zu sch\u00fctzen. Die Datenbanken der Website speichern Kauf- und Benutzerdaten in verschl\u00fcsselter Form (pseudonymisiert), sodass sie f\u00fcr externe Parteien nicht lesbar sind. In dieser Datenschutzerkl\u00e4rung bieten wir den Benutzern eine Kontaktadresse f\u00fcr Informationen zur Verarbeitung ihrer personenbezogenen Daten sowie zur \u00c4nderung oder L\u00f6schung ihrer personenbezogenen Daten.<\/p><ol start=\"5\"><li>DATENWEITERGABE AN DRITTE<\/li><\/ol><p>BIOPLANT-CHEMIE KFT verkauft, vermietet oder handelt nicht mit personenbezogenen Daten. In einigen F\u00e4llen werden Daten an externe Dienstleister weitergegeben, die uns bei der Bereitstellung unserer Dienstleistungen unterst\u00fctzen (z. B. Analyseanbieter wie Google und Werbenetzwerke wie Facebook\u2122). Diese Drittanbieter haben nur Zugriff auf die Daten, die sie f\u00fcr die Ausf\u00fchrung ihrer Dienstleistungen ben\u00f6tigen, und sind verpflichtet, sie vertraulich zu behandeln und nur gem\u00e4\u00df unseren Anweisungen zu verwenden.<\/p><ol start=\"6\"><li>DATENSICHERHEIT<\/li><\/ol><p>BIOPLANT-CHEMIE KFT unternimmt alle zumutbaren Anstrengungen, um die Sicherheit der gespeicherten Daten zu gew\u00e4hrleisten. Dazu geh\u00f6ren physische Sicherheitsma\u00dfnahmen, technologische Sicherheitsma\u00dfnahmen und Verfahren zur Einschr\u00e4nkung des Zugriffs auf die Daten.<\/p><p>Die Sicherheitsma\u00dfnahmen umfassen:<\/p><p>Verschl\u00fcsselung von Datenbanken und sicherheitskritischen Informationen. Regelm\u00e4\u00dfige Sicherheits\u00fcberpr\u00fcfungen der Website und der Serverinfrastruktur. Verwendung von Firewalls und Intrusion Detection Systems (IDS). Regelm\u00e4\u00dfige Schulungen der Mitarbeiter zur Sensibilisierung f\u00fcr Datenschutz und Sicherheit.<\/p><ol start=\"7\"><li>SPEICHERUNG VON DATEN<\/li><\/ol><p>BIOPLANT-CHEMIE KFT speichert personenbezogene Daten nur so lange, wie dies zur Erf\u00fcllung der Zwecke erforderlich ist, f\u00fcr die sie erhoben wurden, oder so lange, wie dies gesetzlich vorgeschrieben ist. Die genaue Speicherdauer h\u00e4ngt von der Art der Daten und dem Zweck ihrer Verarbeitung ab.<\/p><p>Wir speichern die Daten nur so lange, wie es f\u00fcr die Bereitstellung unserer Dienstleistungen und die Erf\u00fcllung unserer vertraglichen und rechtlichen Verpflichtungen erforderlich ist. Sobald die Daten nicht mehr ben\u00f6tigt werden, werden sie sicher gel\u00f6scht oder anonymisiert.<\/p><ol start=\"8\"><li>RECHTE DER BETROFFENEN PERSONEN<\/li><\/ol><p>BIOPLANT-CHEMIE KFT respektiert die Rechte der betroffenen Personen gem\u00e4\u00df den geltenden Datenschutzgesetzen. Zu diesen Rechten geh\u00f6ren:<\/p><p>Recht auf Auskunft: Sie haben das Recht, Auskunft dar\u00fcber zu verlangen, ob und welche personenbezogenen Daten wir \u00fcber Sie gespeichert haben und zu welchen Zwecken wir sie verarbeiten.<\/p><p>Recht auf Berichtigung: Sie haben das Recht, die Berichtigung unrichtiger oder unvollst\u00e4ndiger personenbezogener Daten zu verlangen.<\/p><p>Recht auf L\u00f6schung: Sie haben das Recht, die L\u00f6schung Ihrer personenbezogenen Daten zu verlangen, wenn diese nicht mehr f\u00fcr die Zwecke erforderlich sind, f\u00fcr die sie erhoben wurden, oder wenn Sie Ihre Einwilligung widerrufen haben und es keine andere Rechtsgrundlage f\u00fcr die Verarbeitung gibt.<\/p><p>Recht auf Einschr\u00e4nkung der Verarbeitung: Sie haben das Recht, die Einschr\u00e4nkung der Verarbeitung Ihrer personenbezogenen Daten zu verlangen, wenn eine der in den Datenschutzgesetzen festgelegten Bedingungen erf\u00fcllt ist.<\/p><p>Recht auf Daten\u00fcbertragbarkeit: Sie haben das Recht, Ihre personenbezogenen Daten in einem strukturierten, g\u00e4ngigen und maschinenlesbaren Format zu erhalten und diese Daten an einen anderen Verantwortlichen zu \u00fcbermitteln.<\/p><p>Recht auf Widerspruch: Sie haben das Recht, aus Gr\u00fcnden, die sich aus Ihrer besonderen Situation ergeben, jederzeit der Verarbeitung Ihrer personenbezogenen Daten zu widersprechen, es sei denn, es liegen zwingende schutzw\u00fcrdige Gr\u00fcnde f\u00fcr die Verarbeitung vor, die Ihre Interessen \u00fcberwiegen.<\/p><p>Wenn Sie Ihre Rechte aus\u00fcben m\u00f6chten oder Fragen zu unseren Datenschutzpraktiken haben, wenden Sie sich bitte an <a target=\"_new\">info@desolateprism-002-site3.anytempurl.com<\/a>.<\/p><p>Bitte beachten Sie, dass BIOPLANT-CHEMIE KFT m\u00f6glicherweise nicht in der Lage ist, Ihre Anfragen vollst\u00e4ndig zu erf\u00fcllen, wenn diese die Rechte anderer Personen beeintr\u00e4chtigen oder gegen geltende Gesetze oder Vorschriften versto\u00dfen.<\/p><ol start=\"9\"><li>\u00c4NDERUNGEN AN DER DATENSCHUTZRICHTLINIE<\/li><\/ol><p>BIOPLANT-CHEMIE KFT beh\u00e4lt sich das Recht vor, diese Datenschutzrichtlinie jederzeit zu \u00e4ndern. Bitte \u00fcberpr\u00fcfen Sie regelm\u00e4\u00dfig diese Seite, um sicherzustellen, dass Sie \u00fcber die aktuellsten Informationen zu unseren Datenschutzpraktiken verf\u00fcgen.<\/p><ol start=\"10\"><li>KONTAKTINFORMATIONEN<\/li><\/ol><p>Wenn Sie Fragen zu dieser Datenschutzrichtlinie haben oder Ihre Rechte als betroffene Person aus\u00fcben m\u00f6chten, kontaktieren Sie uns bitte unter:<\/p><p>E-Mail: <a target=\"_new\">info@desolateprism-002-site3.anytempurl.com<\/a> Postanschrift: 4824, Szamosszeg, Laczfi N\u00e1ndor utca 40. Vielen Dank f\u00fcr Ihr Vertrauen in BIOPLANT-CHEMIE KFT und unsere Produkte.<\/p>\t\t\t\t\t\t<\/div>\n\t\t\t\t<\/div>\n\t\t\t\t\t<\/div>\n\t\t<\/div>\n\t\t\t\t\t<\/div>\n\t\t<\/section>\n\t\t\t\t<\/div>\n\t\t","protected":false},"excerpt":{"rendered":"<p>Datenschutzerkl\u00e4rung&#8220; EINF\u00dcHRUNG Es ist f\u00fcr uns sehr wichtig, die geltenden Datenschutzbestimmungen und Gesetze einzuhalten. Im Folgenden erl\u00e4utern wir ausf\u00fchrlich die Schritte zur Datenschutzrichtlinie von omnivitaproduct.com und BIOPLANT-CHEMIE KFT. sowie die mit der Datenerhebung verbundenen Prozesse. Die Daten werden von BIOPLANT-CHEMIE KFT verwaltet, und dieses Unternehmen ist f\u00fcr die Verarbeitung personenbezogener Daten verantwortlich. Kontaktdaten: Vollst\u00e4ndiger rechtlicher [&hellip;]<\/p>\n","protected":false},"author":2,"featured_media":0,"parent":0,"menu_order":0,"comment_status":"closed","ping_status":"closed","template":"elementor_canvas","meta":{"site-sidebar-layout":"no-sidebar","site-content-layout":"page-builder","ast-site-content-layout":"default","site-content-style":"default","site-sidebar-style":"default","ast-global-header-display":"","ast-banner-title-visibility":"","ast-main-header-display":"","ast-hfb-above-header-display":"","ast-hfb-below-header-display":"","ast-hfb-mobile-header-display":"","site-post-title":"disabled","ast-breadcrumbs-content":"","ast-featured-img":"disabled","footer-sml-layout":"","theme-transparent-header-meta":"default","adv-header-id-meta":"","stick-header-meta":"default","header-above-stick-meta":"","header-main-stick-meta":"","header-below-stick-meta":"","astra-migrate-meta-layouts":"set","ast-page-background-enabled":"default","ast-page-background-meta":{"desktop":{"background-color":"","background-image":"","background-repeat":"repeat","background-position":"center center","background-size":"auto","background-attachment":"scroll","background-type":"","background-media":"","overlay-type":"","overlay-color":"","overlay-opacity":"","overlay-gradient":""},"tablet":{"background-color":"","background-image":"","background-repeat":"repeat","background-position":"center center","background-size":"auto","background-attachment":"scroll","background-type":"","background-media":"","overlay-type":"","overlay-color":"","overlay-opacity":"","overlay-gradient":""},"mobile":{"background-color":"","background-image":"","background-repeat":"repeat","background-position":"center center","background-size":"auto","background-attachment":"scroll","background-type":"","background-media":"","overlay-type":"","overlay-color":"","overlay-opacity":"","overlay-gradient":""}},"ast-content-background-meta":{"desktop":{"background-color":"var(--ast-global-color-5)","background-image":"","background-repeat":"repeat","background-position":"center center","background-size":"auto","background-attachment":"scroll","background-type":"","background-media":"","overlay-type":"","overlay-color":"","overlay-opacity":"","overlay-gradient":""},"tablet":{"background-color":"var(--ast-global-color-5)","background-image":"","background-repeat":"repeat","background-position":"center center","background-size":"auto","background-attachment":"scroll","background-type":"","background-media":"","overlay-type":"","overlay-color":"","overlay-opacity":"","overlay-gradient":""},"mobile":{"background-color":"var(--ast-global-color-5)","background-image":"","background-repeat":"repeat","background-position":"center center","background-size":"auto","background-attachment":"scroll","background-type":"","background-media":"","overlay-type":"","overlay-color":"","overlay-opacity":"","overlay-gradient":""}},"footnotes":""},"class_list":["post-4159","page","type-page","status-publish","hentry"],"_links":{"self":[{"href":"https:\/\/omnivitaproduct.com\/de\/wp-json\/wp\/v2\/pages\/4159","targetHints":{"allow":["GET"]}}],"collection":[{"href":"https:\/\/omnivitaproduct.com\/de\/wp-json\/wp\/v2\/pages"}],"about":[{"href":"https:\/\/omnivitaproduct.com\/de\/wp-json\/wp\/v2\/types\/page"}],"author":[{"embeddable":true,"href":"https:\/\/omnivitaproduct.com\/de\/wp-json\/wp\/v2\/users\/2"}],"replies":[{"embeddable":true,"href":"https:\/\/omnivitaproduct.com\/de\/wp-json\/wp\/v2\/comments?post=4159"}],"version-history":[{"count":4,"href":"https:\/\/omnivitaproduct.com\/de\/wp-json\/wp\/v2\/pages\/4159\/revisions"}],"predecessor-version":[{"id":4164,"href":"https:\/\/omnivitaproduct.com\/de\/wp-json\/wp\/v2\/pages\/4159\/revisions\/4164"}],"wp:attachment":[{"href":"https:\/\/omnivitaproduct.com\/de\/wp-json\/wp\/v2\/media?parent=4159"}],"curies":[{"name":"wp","href":"https:\/\/api.w.org\/{rel}","templated":true}]}}